{"id":6812,"date":"2024-08-13T10:56:28","date_gmt":"2024-08-13T15:56:28","guid":{"rendered":"http:\/\/sacredd.co\/fr\/?page_id=6812"},"modified":"2024-09-06T12:05:08","modified_gmt":"2024-09-06T17:05:08","slug":"sacredd-faqs","status":"publish","type":"page","link":"https:\/\/sacredd.co\/fr\/sacredd-faqs\/","title":{"rendered":"Sacredd &#8211; FAQs"},"content":{"rendered":"\t\t<div data-elementor-type=\"wp-page\" data-elementor-id=\"6812\" class=\"elementor elementor-6812\">\n\t\t\t\t\t\t<section class=\"elementor-section elementor-top-section elementor-element elementor-element-b7c7bc6 elementor-section-boxed elementor-section-height-default elementor-section-height-default\" data-id=\"b7c7bc6\" data-element_type=\"section\" data-e-type=\"section\" data-settings=\"{&quot;background_background&quot;:&quot;classic&quot;}\">\n\t\t\t\t\t\t<div class=\"elementor-container elementor-column-gap-default\">\n\t\t\t\t\t<div class=\"elementor-column elementor-col-100 elementor-top-column elementor-element elementor-element-1840781\" data-id=\"1840781\" data-element_type=\"column\" data-e-type=\"column\">\n\t\t\t<div class=\"elementor-widget-wrap\">\n\t\t\t\t\t\t\t<\/div>\n\t\t<\/div>\n\t\t\t\t\t<\/div>\n\t\t<\/section>\n\t\t\t\t<section class=\"elementor-section elementor-top-section elementor-element elementor-element-a30b61e elementor-section-boxed elementor-section-height-default elementor-section-height-default\" data-id=\"a30b61e\" data-element_type=\"section\" data-e-type=\"section\" data-settings=\"{&quot;background_background&quot;:&quot;classic&quot;}\">\n\t\t\t\t\t\t<div class=\"elementor-container elementor-column-gap-default\">\n\t\t\t\t\t<div class=\"elementor-column elementor-col-100 elementor-top-column elementor-element elementor-element-3085ee8\" data-id=\"3085ee8\" data-element_type=\"column\" data-e-type=\"column\">\n\t\t\t<div class=\"elementor-widget-wrap elementor-element-populated\">\n\t\t\t\t\t\t<div class=\"elementor-element elementor-element-7c4ad36 elementor-widget elementor-widget-heading\" data-id=\"7c4ad36\" data-element_type=\"widget\" data-e-type=\"widget\" data-widget_type=\"heading.default\">\n\t\t\t\t<div class=\"elementor-widget-container\">\n\t\t\t\t\t<h2 class=\"elementor-heading-title elementor-size-default\">Questions fr\u00e9quemment pos\u00e9es<\/h2>\t\t\t\t<\/div>\n\t\t\t\t<\/div>\n\t\t\t\t<div class=\"elementor-element elementor-element-11b5126 elementor-widget elementor-widget-toggle\" data-id=\"11b5126\" data-element_type=\"widget\" data-e-type=\"widget\" data-widget_type=\"toggle.default\">\n\t\t\t\t<div class=\"elementor-widget-container\">\n\t\t\t\t\t\t\t<div class=\"elementor-toggle\">\n\t\t\t\t\t\t\t<div class=\"elementor-toggle-item\">\n\t\t\t\t\t<div id=\"elementor-tab-title-1851\" class=\"elementor-tab-title\" data-tab=\"1\" role=\"button\" aria-controls=\"elementor-tab-content-1851\" aria-expanded=\"false\">\n\t\t\t\t\t\t\t\t\t\t\t\t<span class=\"elementor-toggle-icon elementor-toggle-icon-left\" aria-hidden=\"true\">\n\t\t\t\t\t\t\t\t\t\t\t\t\t\t\t<span class=\"elementor-toggle-icon-closed\"><i class=\"fas fa-caret-right\"><\/i><\/span>\n\t\t\t\t\t\t\t\t<span class=\"elementor-toggle-icon-opened\"><i class=\"elementor-toggle-icon-opened fas fa-caret-up\"><\/i><\/span>\n\t\t\t\t\t\t\t\t\t\t\t\t\t<\/span>\n\t\t\t\t\t\t\t\t\t\t\t\t<a class=\"elementor-toggle-title\" tabindex=\"0\">Est-il s\u00fbr de voyager en Colombie? <\/a>\n\t\t\t\t\t<\/div>\n\n\t\t\t\t\t<div id=\"elementor-tab-content-1851\" class=\"elementor-tab-content elementor-clearfix\" data-tab=\"1\" role=\"region\" aria-labelledby=\"elementor-tab-title-1851\"><p><span style=\"font-weight: 400;\">Oui, voyager en Colombie peut \u00eatre une exp\u00e9rience s\u00fbre et enrichissante. Comme pour toute destination, il est important de prendre quelques pr\u00e9cautions de base pour garantir une exp\u00e9rience agr\u00e9able. Nous te recommandons de garder un \u0153il sur tes affaires dans les lieux fr\u00e9quent\u00e9s, d&#8217;utiliser les coffres-forts dans ton h\u00e9bergement et de te renseigner sur les zones que tu visites. Explorer la Colombie avec des guides locaux ou en compagnie des communaut\u00e9s locales peut enrichir ton voyage et te procurer une exp\u00e9rience plus s\u00fbre.<\/span><\/p><\/div>\n\t\t\t\t<\/div>\n\t\t\t\t\t\t\t<div class=\"elementor-toggle-item\">\n\t\t\t\t\t<div id=\"elementor-tab-title-1852\" class=\"elementor-tab-title\" data-tab=\"2\" role=\"button\" aria-controls=\"elementor-tab-content-1852\" aria-expanded=\"false\">\n\t\t\t\t\t\t\t\t\t\t\t\t<span class=\"elementor-toggle-icon elementor-toggle-icon-left\" aria-hidden=\"true\">\n\t\t\t\t\t\t\t\t\t\t\t\t\t\t\t<span class=\"elementor-toggle-icon-closed\"><i class=\"fas fa-caret-right\"><\/i><\/span>\n\t\t\t\t\t\t\t\t<span class=\"elementor-toggle-icon-opened\"><i class=\"elementor-toggle-icon-opened fas fa-caret-up\"><\/i><\/span>\n\t\t\t\t\t\t\t\t\t\t\t\t\t<\/span>\n\t\t\t\t\t\t\t\t\t\t\t\t<a class=\"elementor-toggle-title\" tabindex=\"0\">Quel type de v\u00eatements dois-je porter ?<\/a>\n\t\t\t\t\t<\/div>\n\n\t\t\t\t\t<div id=\"elementor-tab-content-1852\" class=\"elementor-tab-content elementor-clearfix\" data-tab=\"2\" role=\"region\" aria-labelledby=\"elementor-tab-title-1852\"><p><span style=\"font-weight: 400;\">La Colombie a diff\u00e9rentes zones climatiques en raison de sa g\u00e9ographie, allant des d\u00e9serts aux montagnes enneig\u00e9es, en passant par les jungles et les plages. Renseignez-vous sur les pr\u00e9visions m\u00e9t\u00e9orologiques de la r\u00e9gion que vous pr\u00e9voyez de visiter (consultez nos recommandations de voyage) et apportez ce qui est appropri\u00e9. En g\u00e9n\u00e9ral, il est conseill\u00e9 de porter des v\u00eatements l\u00e9gers et confortables, ainsi qu&#8217;un imperm\u00e9able en cas de pluie. Bien qu&#8217;il n&#8217;y ait pas de saisons, il y a g\u00e9n\u00e9ralement des p\u00e9riodes de pluie ou de s\u00e9cheresse. Consultez les guides locaux ou l&#8217;op\u00e9rateur touristique que vous avez engag\u00e9 pour conna\u00eetre les conditions au moment de votre arriv\u00e9e.<\/span><\/p><\/div>\n\t\t\t\t<\/div>\n\t\t\t\t\t\t\t<div class=\"elementor-toggle-item\">\n\t\t\t\t\t<div id=\"elementor-tab-title-1853\" class=\"elementor-tab-title\" data-tab=\"3\" role=\"button\" aria-controls=\"elementor-tab-content-1853\" aria-expanded=\"false\">\n\t\t\t\t\t\t\t\t\t\t\t\t<span class=\"elementor-toggle-icon elementor-toggle-icon-left\" aria-hidden=\"true\">\n\t\t\t\t\t\t\t\t\t\t\t\t\t\t\t<span class=\"elementor-toggle-icon-closed\"><i class=\"fas fa-caret-right\"><\/i><\/span>\n\t\t\t\t\t\t\t\t<span class=\"elementor-toggle-icon-opened\"><i class=\"elementor-toggle-icon-opened fas fa-caret-up\"><\/i><\/span>\n\t\t\t\t\t\t\t\t\t\t\t\t\t<\/span>\n\t\t\t\t\t\t\t\t\t\t\t\t<a class=\"elementor-toggle-title\" tabindex=\"0\">En Colombie, ai-je acc\u00e8s \u00e0 l'\u00e9lectricit\u00e9 et \u00e0 Internet (WiFi ou donn\u00e9es mobiles) ? <\/a>\n\t\t\t\t\t<\/div>\n\n\t\t\t\t\t<div id=\"elementor-tab-content-1853\" class=\"elementor-tab-content elementor-clearfix\" data-tab=\"3\" role=\"region\" aria-labelledby=\"elementor-tab-title-1853\"><p><span style=\"font-weight: 400;\">En ce qui concerne l&#8217;acc\u00e8s \u00e0 l&#8217;\u00e9lectricit\u00e9, en Colombie, on utilise des prises de type A et B. Assurez-vous d&#8217;apporter un adaptateur si vos appareils ne sont pas compatibles avec ces types de prises. Certains endroits ont une connexion \u00e9lectrique selon des horaires sp\u00e9cifiques, surtout dans les r\u00e9gions \u00e9loign\u00e9es. Pour l&#8217;acc\u00e8s \u00e0 Internet, la majorit\u00e9 des h\u00f4tels et h\u00e9bergements disposent de r\u00e9seaux WiFi. Si vous avez besoin de donn\u00e9es mobiles, consultez votre op\u00e9rateur t\u00e9l\u00e9phonique pour un plan de roaming ou achetez une carte SIM de l&#8217;op\u00e9rateur Claro et souscrivez \u00e0 un forfait de donn\u00e9es (entre 25 et 30 dollars par mois).<\/span><\/p><p><br style=\"font-weight: 400;\" \/><br style=\"font-weight: 400;\" \/><br \/><\/p><\/div>\n\t\t\t\t<\/div>\n\t\t\t\t\t\t\t<div class=\"elementor-toggle-item\">\n\t\t\t\t\t<div id=\"elementor-tab-title-1854\" class=\"elementor-tab-title\" data-tab=\"4\" role=\"button\" aria-controls=\"elementor-tab-content-1854\" aria-expanded=\"false\">\n\t\t\t\t\t\t\t\t\t\t\t\t<span class=\"elementor-toggle-icon elementor-toggle-icon-left\" aria-hidden=\"true\">\n\t\t\t\t\t\t\t\t\t\t\t\t\t\t\t<span class=\"elementor-toggle-icon-closed\"><i class=\"fas fa-caret-right\"><\/i><\/span>\n\t\t\t\t\t\t\t\t<span class=\"elementor-toggle-icon-opened\"><i class=\"elementor-toggle-icon-opened fas fa-caret-up\"><\/i><\/span>\n\t\t\t\t\t\t\t\t\t\t\t\t\t<\/span>\n\t\t\t\t\t\t\t\t\t\t\t\t<a class=\"elementor-toggle-title\" tabindex=\"0\">Que puis-je faire en cas d'urgence en Colombie ? <\/a>\n\t\t\t\t\t<\/div>\n\n\t\t\t\t\t<div id=\"elementor-tab-content-1854\" class=\"elementor-tab-content elementor-clearfix\" data-tab=\"4\" role=\"region\" aria-labelledby=\"elementor-tab-title-1854\"><p><span style=\"font-weight: 400;\">La Colombie est reconnue pour la qualit\u00e9 et le prix abordable de ses services m\u00e9dicaux pour les \u00e9trangers. Cependant, envisagez de souscrire une assurance voyage qui couvre des situations telles que les soins d&#8217;urgence ou m\u00e9dicaux, ainsi que des questions comme l&#8217;annulation de vols et la perte de bagages. Rappelez-vous que les num\u00e9ros d&#8217;urgence sont le 112 et le 123 pour obtenir des informations.<\/span><\/p><p><br style=\"font-weight: 400;\" \/><br style=\"font-weight: 400;\" \/><br \/><\/p><\/div>\n\t\t\t\t<\/div>\n\t\t\t\t\t\t\t<div class=\"elementor-toggle-item\">\n\t\t\t\t\t<div id=\"elementor-tab-title-1855\" class=\"elementor-tab-title\" data-tab=\"5\" role=\"button\" aria-controls=\"elementor-tab-content-1855\" aria-expanded=\"false\">\n\t\t\t\t\t\t\t\t\t\t\t\t<span class=\"elementor-toggle-icon elementor-toggle-icon-left\" aria-hidden=\"true\">\n\t\t\t\t\t\t\t\t\t\t\t\t\t\t\t<span class=\"elementor-toggle-icon-closed\"><i class=\"fas fa-caret-right\"><\/i><\/span>\n\t\t\t\t\t\t\t\t<span class=\"elementor-toggle-icon-opened\"><i class=\"elementor-toggle-icon-opened fas fa-caret-up\"><\/i><\/span>\n\t\t\t\t\t\t\t\t\t\t\t\t\t<\/span>\n\t\t\t\t\t\t\t\t\t\t\t\t<a class=\"elementor-toggle-title\" tabindex=\"0\">Quelles vaccins sont n\u00e9cessaires pour se rendre en Colombie ?<\/a>\n\t\t\t\t\t<\/div>\n\n\t\t\t\t\t<div id=\"elementor-tab-content-1855\" class=\"elementor-tab-content elementor-clearfix\" data-tab=\"5\" role=\"region\" aria-labelledby=\"elementor-tab-title-1855\"><p><span style=\"font-weight: 400;\">Aucune vaccination n&#8217;est obligatoire pour se rendre en Colombie. Cependant, il est recommand\u00e9 de se faire vacciner contre la fi\u00e8vre jaune si vous pr\u00e9voyez de visiter la jungle. V\u00e9rifiez si la r\u00e9gion que vous souhaitez visiter n\u00e9cessite des vaccins ou des pr\u00e9cautions de sant\u00e9 particuli\u00e8res. Pour voyager dans certaines zones du pays, il est n\u00e9cessaire de se faire vacciner contre la fi\u00e8vre jaune au moins 15 jours avant le voyage.<\/span><\/p><p><br style=\"font-weight: 400;\" \/><br style=\"font-weight: 400;\" \/><br \/><\/p><\/div>\n\t\t\t\t<\/div>\n\t\t\t\t\t\t\t<div class=\"elementor-toggle-item\">\n\t\t\t\t\t<div id=\"elementor-tab-title-1856\" class=\"elementor-tab-title\" data-tab=\"6\" role=\"button\" aria-controls=\"elementor-tab-content-1856\" aria-expanded=\"false\">\n\t\t\t\t\t\t\t\t\t\t\t\t<span class=\"elementor-toggle-icon elementor-toggle-icon-left\" aria-hidden=\"true\">\n\t\t\t\t\t\t\t\t\t\t\t\t\t\t\t<span class=\"elementor-toggle-icon-closed\"><i class=\"fas fa-caret-right\"><\/i><\/span>\n\t\t\t\t\t\t\t\t<span class=\"elementor-toggle-icon-opened\"><i class=\"elementor-toggle-icon-opened fas fa-caret-up\"><\/i><\/span>\n\t\t\t\t\t\t\t\t\t\t\t\t\t<\/span>\n\t\t\t\t\t\t\t\t\t\t\t\t<a class=\"elementor-toggle-title\" tabindex=\"0\">Quels documents sont n\u00e9cessaires pour entrer en Colombie ?<\/a>\n\t\t\t\t\t<\/div>\n\n\t\t\t\t\t<div id=\"elementor-tab-content-1856\" class=\"elementor-tab-content elementor-clearfix\" data-tab=\"6\" role=\"region\" aria-labelledby=\"elementor-tab-title-1856\"><p><span style=\"font-weight: 400;\">Les citoyens des pays membres du Mercosur peuvent entrer avec leur carte d&#8217;identit\u00e9 ou un passeport en cours de validit\u00e9. Les citoyens d&#8217;autres pays doivent entrer avec leur passeport. Bien que la Colombie n&#8217;exige pas de visa pour la majorit\u00e9 des pays du monde, nous vous recommandons de toujours v\u00e9rifier si votre pays d&#8217;origine n\u00e9cessite un visa pour entrer en Colombie.<\/span><\/p><\/div>\n\t\t\t\t<\/div>\n\t\t\t\t\t\t\t<div class=\"elementor-toggle-item\">\n\t\t\t\t\t<div id=\"elementor-tab-title-1857\" class=\"elementor-tab-title\" data-tab=\"7\" role=\"button\" aria-controls=\"elementor-tab-content-1857\" aria-expanded=\"false\">\n\t\t\t\t\t\t\t\t\t\t\t\t<span class=\"elementor-toggle-icon elementor-toggle-icon-left\" aria-hidden=\"true\">\n\t\t\t\t\t\t\t\t\t\t\t\t\t\t\t<span class=\"elementor-toggle-icon-closed\"><i class=\"fas fa-caret-right\"><\/i><\/span>\n\t\t\t\t\t\t\t\t<span class=\"elementor-toggle-icon-opened\"><i class=\"elementor-toggle-icon-opened fas fa-caret-up\"><\/i><\/span>\n\t\t\t\t\t\t\t\t\t\t\t\t\t<\/span>\n\t\t\t\t\t\t\t\t\t\t\t\t<a class=\"elementor-toggle-title\" tabindex=\"0\">Quelle est la meilleure saison pour voyager en Colombie ?<\/a>\n\t\t\t\t\t<\/div>\n\n\t\t\t\t\t<div id=\"elementor-tab-content-1857\" class=\"elementor-tab-content elementor-clearfix\" data-tab=\"7\" role=\"region\" aria-labelledby=\"elementor-tab-title-1857\"><p><span style=\"font-weight: 400;\">Vous pouvez voyager en Colombie toute l&#8217;ann\u00e9e et le climat ne vous surprendra rarement avec un temps inattendu. La Colombie est l&#8217;un des pays ayant les climats les plus stables de la r\u00e9gion. C&#8217;est l&#8217;une des principales raisons pour lesquelles ses r\u00e9coltes de caf\u00e9 sont si r\u00e9ussies. L&#8217;une des visites incontournables est l&#8217;Eje Cafetero o\u00f9 vous pourrez voir avec quelle d\u00e9votion le caf\u00e9 est cultiv\u00e9. Vous comprendrez ainsi la qualit\u00e9 de leur caf\u00e9.<\/span><\/p><p><br style=\"font-weight: 400;\" \/><br style=\"font-weight: 400;\" \/><br \/><\/p><\/div>\n\t\t\t\t<\/div>\n\t\t\t\t\t\t\t\t<\/div>\n\t\t\t\t\t\t<\/div>\n\t\t\t\t<\/div>\n\t\t\t\t\t<\/div>\n\t\t<\/div>\n\t\t\t\t\t<\/div>\n\t\t<\/section>\n\t\t\t\t<section class=\"elementor-section elementor-top-section elementor-element elementor-element-8be19b4 elementor-section-boxed elementor-section-height-default elementor-section-height-default\" data-id=\"8be19b4\" data-element_type=\"section\" data-e-type=\"section\" data-settings=\"{&quot;background_background&quot;:&quot;classic&quot;}\">\n\t\t\t\t\t\t<div class=\"elementor-container elementor-column-gap-default\">\n\t\t\t\t\t<div class=\"elementor-column elementor-col-50 elementor-top-column elementor-element elementor-element-54b8721\" data-id=\"54b8721\" data-element_type=\"column\" data-e-type=\"column\">\n\t\t\t<div class=\"elementor-widget-wrap elementor-element-populated\">\n\t\t\t\t\t\t<div class=\"elementor-element elementor-element-eb4a30d elementor-widget elementor-widget-text-editor\" data-id=\"eb4a30d\" data-element_type=\"widget\" data-e-type=\"widget\" data-widget_type=\"text-editor.default\">\n\t\t\t\t<div class=\"elementor-widget-container\">\n\t\t\t\t\t\t\t\t\t<p>COPYRIGHT 2024 | <span style=\"color: #805946;\"><a style=\"color: #805946;\" href=\"mailto:info@sacredd.co\">info@sacredd.co<\/a> &#8211; <a style=\"color: #805946;\" href=\"http:\/\/sacredd.co\/fr\/wp-content\/uploads\/2024\/08\/Termes-et-conditions.docx.pdf\" target=\"_blank\" rel=\"noopener\">Termes et conditions<\/a><\/span><\/p>\t\t\t\t\t\t\t\t<\/div>\n\t\t\t\t<\/div>\n\t\t\t\t\t<\/div>\n\t\t<\/div>\n\t\t\t\t<div class=\"elementor-column elementor-col-50 elementor-top-column elementor-element elementor-element-9d54a69\" data-id=\"9d54a69\" data-element_type=\"column\" data-e-type=\"column\">\n\t\t\t<div class=\"elementor-widget-wrap elementor-element-populated\">\n\t\t\t\t\t\t<div class=\"elementor-element elementor-element-25c3944 elementor-widget elementor-widget-image\" data-id=\"25c3944\" data-element_type=\"widget\" data-e-type=\"widget\" data-widget_type=\"image.default\">\n\t\t\t\t<div class=\"elementor-widget-container\">\n\t\t\t\t\t\t\t\t\t\t\t\t\t\t\t<img decoding=\"async\" width=\"297\" height=\"74\" data-src=\"https:\/\/sacredd.co\/fr\/wp-content\/uploads\/2024\/07\/LOGO-1.png\" class=\"attachment-large size-large wp-image-5932 lazyload\" alt=\"\" src=\"data:image\/svg+xml;base64,PHN2ZyB3aWR0aD0iMSIgaGVpZ2h0PSIxIiB4bWxucz0iaHR0cDovL3d3dy53My5vcmcvMjAwMC9zdmciPjwvc3ZnPg==\" style=\"--smush-placeholder-width: 297px; --smush-placeholder-aspect-ratio: 297\/74;\" \/>\t\t\t\t\t\t\t\t\t\t\t\t\t\t\t<\/div>\n\t\t\t\t<\/div>\n\t\t\t\t\t<\/div>\n\t\t<\/div>\n\t\t\t\t\t<\/div>\n\t\t<\/section>\n\t\t\t\t<\/div>\n\t\t","protected":false},"excerpt":{"rendered":"<p>Questions fr\u00e9quemment pos\u00e9es Est-il s\u00fbr de voyager en Colombie? Oui, voyager en Colombie peut \u00eatre une exp\u00e9rience s\u00fbre et enrichissante. Comme pour toute destination, il est important de prendre quelques pr\u00e9cautions de base pour garantir une exp\u00e9rience agr\u00e9able. Nous te recommandons de garder un \u0153il sur tes affaires dans les lieux fr\u00e9quent\u00e9s, d&#8217;utiliser les coffres-forts [&hellip;]<\/p>\n","protected":false},"author":1,"featured_media":0,"parent":0,"menu_order":0,"comment_status":"closed","ping_status":"closed","template":"","meta":{"om_disable_all_campaigns":false,"_monsterinsights_skip_tracking":false,"_monsterinsights_sitenote_active":false,"_monsterinsights_sitenote_note":"","_monsterinsights_sitenote_category":0,"_uf_show_specific_survey":0,"_uf_disable_surveys":false,"footnotes":""},"class_list":["post-6812","page","type-page","status-publish","hentry"],"aioseo_notices":[],"_links":{"self":[{"href":"https:\/\/sacredd.co\/fr\/wp-json\/wp\/v2\/pages\/6812","targetHints":{"allow":["GET"]}}],"collection":[{"href":"https:\/\/sacredd.co\/fr\/wp-json\/wp\/v2\/pages"}],"about":[{"href":"https:\/\/sacredd.co\/fr\/wp-json\/wp\/v2\/types\/page"}],"author":[{"embeddable":true,"href":"https:\/\/sacredd.co\/fr\/wp-json\/wp\/v2\/users\/1"}],"replies":[{"embeddable":true,"href":"https:\/\/sacredd.co\/fr\/wp-json\/wp\/v2\/comments?post=6812"}],"version-history":[{"count":22,"href":"https:\/\/sacredd.co\/fr\/wp-json\/wp\/v2\/pages\/6812\/revisions"}],"predecessor-version":[{"id":6950,"href":"https:\/\/sacredd.co\/fr\/wp-json\/wp\/v2\/pages\/6812\/revisions\/6950"}],"wp:attachment":[{"href":"https:\/\/sacredd.co\/fr\/wp-json\/wp\/v2\/media?parent=6812"}],"curies":[{"name":"wp","href":"https:\/\/api.w.org\/{rel}","templated":true}]}}