{"id":4112,"date":"2023-08-03T14:41:27","date_gmt":"2023-08-03T19:41:27","guid":{"rendered":"http:\/\/sacredd.co\/fr\/?page_id=4112"},"modified":"2024-10-04T10:40:11","modified_gmt":"2024-10-04T15:40:11","slug":"sacredd","status":"publish","type":"page","link":"https:\/\/sacredd.co\/fr\/","title":{"rendered":"Sacredd"},"content":{"rendered":"\t\t<div data-elementor-type=\"wp-page\" data-elementor-id=\"4112\" class=\"elementor elementor-4112\">\n\t\t\t\t\t\t<section class=\"elementor-section elementor-top-section elementor-element elementor-element-9b8432b elementor-section-full_width elementor-section-height-default elementor-section-height-default\" data-id=\"9b8432b\" data-element_type=\"section\" data-e-type=\"section\" data-settings=\"{&quot;background_background&quot;:&quot;classic&quot;}\">\n\t\t\t\t\t\t<div class=\"elementor-container elementor-column-gap-default\">\n\t\t\t\t\t<div class=\"elementor-column elementor-col-100 elementor-top-column elementor-element elementor-element-64cf705\" data-id=\"64cf705\" data-element_type=\"column\" data-e-type=\"column\">\n\t\t\t<div class=\"elementor-widget-wrap elementor-element-populated\">\n\t\t\t\t\t\t<div class=\"elementor-element elementor-element-2554c1b elementor-hidden-mobile elementor-widget elementor-widget-heading\" data-id=\"2554c1b\" data-element_type=\"widget\" data-e-type=\"widget\" data-widget_type=\"heading.default\">\n\t\t\t\t<div class=\"elementor-widget-container\">\n\t\t\t\t\t<h2 class=\"elementor-heading-title elementor-size-default\">WELLNESS<\/h2>\t\t\t\t<\/div>\n\t\t\t\t<\/div>\n\t\t\t\t<section class=\"elementor-section elementor-inner-section elementor-element elementor-element-838b9da elementor-section-full_width elementor-section-height-default elementor-section-height-default\" data-id=\"838b9da\" data-element_type=\"section\" data-e-type=\"section\">\n\t\t\t\t\t\t<div class=\"elementor-container elementor-column-gap-default\">\n\t\t\t\t\t<div class=\"elementor-column elementor-col-50 elementor-inner-column elementor-element elementor-element-6cd97b4\" data-id=\"6cd97b4\" data-element_type=\"column\" data-e-type=\"column\">\n\t\t\t<div class=\"elementor-widget-wrap elementor-element-populated\">\n\t\t\t\t\t\t<div class=\"elementor-element elementor-element-ec92e99 elementor-widget elementor-widget-text-editor\" data-id=\"ec92e99\" data-element_type=\"widget\" data-e-type=\"widget\" data-widget_type=\"text-editor.default\">\n\t\t\t\t<div class=\"elementor-widget-container\">\n\t\t\t\t\t\t\t\t\t<p><span style=\"font-weight: 400;\">Nous sommes une agence d\u00e9di\u00e9e \u00e0 promouvoir la Colombie comme destination de bien-\u00eatre, nature, gastronomie, culture, communaut\u00e9s et aventure.<\/span><\/p><p><span style=\"font-weight: 400;\">Notre objectif est d&#8217;impliquer dans chaque voyage et chaque exp\u00e9rience la r\u00e9flexion, l&#8217;introspection et leur relation \u00e9troite avec la nature pour le bien-\u00eatre personnel, pour vivre le bien-\u00eatre.<\/span><\/p><p><span style=\"font-weight: 400;\">Nous travaillons sur chaque d\u00e9tail et offrons un excellent service \u00e0 la client\u00e8le.<\/span><\/p><p><span style=\"font-weight: 400;\">Nous s\u00e9lectionnons soigneusement l&#8217;h\u00e9bergement souhait\u00e9 et concevons un plan d&#8217;alimentation adapt\u00e9 \u00e0 vos besoins.<\/span><\/p><p><br style=\"font-weight: 400;\" \/><br style=\"font-weight: 400;\" \/><br \/><\/p>\t\t\t\t\t\t\t\t<\/div>\n\t\t\t\t<\/div>\n\t\t\t\t\t<\/div>\n\t\t<\/div>\n\t\t\t\t<div class=\"elementor-column elementor-col-50 elementor-inner-column elementor-element elementor-element-5715c92\" data-id=\"5715c92\" data-element_type=\"column\" data-e-type=\"column\">\n\t\t\t<div class=\"elementor-widget-wrap elementor-element-populated\">\n\t\t\t\t\t\t<div class=\"elementor-element elementor-element-b45c0e9 elementor-widget elementor-widget-image\" data-id=\"b45c0e9\" data-element_type=\"widget\" data-e-type=\"widget\" data-widget_type=\"image.default\">\n\t\t\t\t<div class=\"elementor-widget-container\">\n\t\t\t\t\t\t\t\t\t\t\t\t\t\t\t<img fetchpriority=\"high\" decoding=\"async\" width=\"564\" height=\"841\" src=\"https:\/\/sacredd.co\/fr\/wp-content\/uploads\/2024\/08\/Captura-de-Pantalla-2024-07-29-a-las-3.37.28-p.m.png\" class=\"attachment-large size-large wp-image-6803\" alt=\"\" srcset=\"https:\/\/sacredd.co\/fr\/wp-content\/uploads\/2024\/08\/Captura-de-Pantalla-2024-07-29-a-las-3.37.28-p.m.png 564w, https:\/\/sacredd.co\/fr\/wp-content\/uploads\/2024\/08\/Captura-de-Pantalla-2024-07-29-a-las-3.37.28-p.m-201x300.png 201w, https:\/\/sacredd.co\/fr\/wp-content\/uploads\/2024\/08\/Captura-de-Pantalla-2024-07-29-a-las-3.37.28-p.m-436x650.png 436w\" sizes=\"(max-width: 564px) 100vw, 564px\" \/>\t\t\t\t\t\t\t\t\t\t\t\t\t\t\t<\/div>\n\t\t\t\t<\/div>\n\t\t\t\t\t<\/div>\n\t\t<\/div>\n\t\t\t\t\t<\/div>\n\t\t<\/section>\n\t\t\t\t\t<\/div>\n\t\t<\/div>\n\t\t\t\t\t<\/div>\n\t\t<\/section>\n\t\t\t\t<section class=\"elementor-section elementor-top-section elementor-element elementor-element-f5e4a03 elementor-section-boxed elementor-section-height-default elementor-section-height-default\" data-id=\"f5e4a03\" data-element_type=\"section\" data-e-type=\"section\" data-settings=\"{&quot;background_background&quot;:&quot;classic&quot;}\">\n\t\t\t\t\t\t<div class=\"elementor-container elementor-column-gap-default\">\n\t\t\t\t\t<div class=\"elementor-column elementor-col-100 elementor-top-column elementor-element elementor-element-611c714\" data-id=\"611c714\" data-element_type=\"column\" data-e-type=\"column\">\n\t\t\t<div class=\"elementor-widget-wrap elementor-element-populated\">\n\t\t\t\t\t\t<div class=\"elementor-element elementor-element-6004510 elementor-widget elementor-widget-heading\" data-id=\"6004510\" data-element_type=\"widget\" data-e-type=\"widget\" data-widget_type=\"heading.default\">\n\t\t\t\t<div class=\"elementor-widget-container\">\n\t\t\t\t\t<h2 class=\"elementor-heading-title elementor-size-default\">En Colombie, <br>\nchaque voyage,<br>\nC'est un r\u00e9veil.<\/h2>\t\t\t\t<\/div>\n\t\t\t\t<\/div>\n\t\t\t\t<section class=\"elementor-section elementor-inner-section elementor-element elementor-element-b18eb85 elementor-section-boxed elementor-section-height-default elementor-section-height-default\" data-id=\"b18eb85\" data-element_type=\"section\" data-e-type=\"section\">\n\t\t\t\t\t\t<div class=\"elementor-container elementor-column-gap-default\">\n\t\t\t\t\t<div class=\"elementor-column elementor-col-50 elementor-inner-column elementor-element elementor-element-7fdbd55\" data-id=\"7fdbd55\" data-element_type=\"column\" data-e-type=\"column\">\n\t\t\t<div class=\"elementor-widget-wrap elementor-element-populated\">\n\t\t\t\t\t\t<div class=\"elementor-element elementor-element-a1aa9a2 elementor-widget elementor-widget-image\" data-id=\"a1aa9a2\" data-element_type=\"widget\" data-e-type=\"widget\" data-widget_type=\"image.default\">\n\t\t\t\t<div class=\"elementor-widget-container\">\n\t\t\t\t\t\t\t\t\t\t\t\t\t\t\t<img decoding=\"async\" width=\"570\" height=\"425\" data-src=\"https:\/\/sacredd.co\/fr\/wp-content\/uploads\/2024\/08\/Captura-de-Pantalla-2024-07-29-a-las-3.32.12-p.m.png\" class=\"attachment-full size-full wp-image-6804 lazyload\" alt=\"\" data-srcset=\"https:\/\/sacredd.co\/fr\/wp-content\/uploads\/2024\/08\/Captura-de-Pantalla-2024-07-29-a-las-3.32.12-p.m.png 570w, https:\/\/sacredd.co\/fr\/wp-content\/uploads\/2024\/08\/Captura-de-Pantalla-2024-07-29-a-las-3.32.12-p.m-300x224.png 300w\" data-sizes=\"(max-width: 570px) 100vw, 570px\" src=\"data:image\/svg+xml;base64,PHN2ZyB3aWR0aD0iMSIgaGVpZ2h0PSIxIiB4bWxucz0iaHR0cDovL3d3dy53My5vcmcvMjAwMC9zdmciPjwvc3ZnPg==\" style=\"--smush-placeholder-width: 570px; --smush-placeholder-aspect-ratio: 570\/425;\" \/>\t\t\t\t\t\t\t\t\t\t\t\t\t\t\t<\/div>\n\t\t\t\t<\/div>\n\t\t\t\t\t<\/div>\n\t\t<\/div>\n\t\t\t\t<div class=\"elementor-column elementor-col-50 elementor-inner-column elementor-element elementor-element-0e578ff\" data-id=\"0e578ff\" data-element_type=\"column\" data-e-type=\"column\">\n\t\t\t<div class=\"elementor-widget-wrap elementor-element-populated\">\n\t\t\t\t\t\t<div class=\"elementor-element elementor-element-95212c1 elementor-widget elementor-widget-heading\" data-id=\"95212c1\" data-element_type=\"widget\" data-e-type=\"widget\" data-widget_type=\"heading.default\">\n\t\t\t\t<div class=\"elementor-widget-container\">\n\t\t\t\t\t<h2 class=\"elementor-heading-title elementor-size-default\">Chaque voyage est une \u0153uvre d'art pour chaque visiteur, personnalis\u00e9 et unique.\n<\/h2>\t\t\t\t<\/div>\n\t\t\t\t<\/div>\n\t\t\t\t\t<\/div>\n\t\t<\/div>\n\t\t\t\t\t<\/div>\n\t\t<\/section>\n\t\t\t\t\t<\/div>\n\t\t<\/div>\n\t\t\t\t\t<\/div>\n\t\t<\/section>\n\t\t\t\t<section class=\"elementor-section elementor-top-section elementor-element elementor-element-41cebe2 elementor-section-boxed elementor-section-height-default elementor-section-height-default\" data-id=\"41cebe2\" data-element_type=\"section\" data-e-type=\"section\" data-settings=\"{&quot;background_background&quot;:&quot;classic&quot;}\">\n\t\t\t\t\t\t<div class=\"elementor-container elementor-column-gap-default\">\n\t\t\t\t\t<div class=\"elementor-column elementor-col-50 elementor-top-column elementor-element elementor-element-ed3ffb2\" data-id=\"ed3ffb2\" data-element_type=\"column\" data-e-type=\"column\">\n\t\t\t<div class=\"elementor-widget-wrap elementor-element-populated\">\n\t\t\t\t\t\t<div class=\"elementor-element elementor-element-448d241 elementor-widget elementor-widget-image\" data-id=\"448d241\" data-element_type=\"widget\" data-e-type=\"widget\" data-widget_type=\"image.default\">\n\t\t\t\t<div class=\"elementor-widget-container\">\n\t\t\t\t\t\t\t\t\t\t\t\t\t\t\t<img decoding=\"async\" width=\"436\" height=\"616\" data-src=\"https:\/\/sacredd.co\/fr\/wp-content\/uploads\/2024\/08\/Captura-de-Pantalla-2024-07-29-a-las-3.35.30-p.m.png\" class=\"attachment-uicore-medium size-uicore-medium wp-image-6805 lazyload\" alt=\"\" data-srcset=\"https:\/\/sacredd.co\/fr\/wp-content\/uploads\/2024\/08\/Captura-de-Pantalla-2024-07-29-a-las-3.35.30-p.m.png 436w, https:\/\/sacredd.co\/fr\/wp-content\/uploads\/2024\/08\/Captura-de-Pantalla-2024-07-29-a-las-3.35.30-p.m-212x300.png 212w\" data-sizes=\"(max-width: 436px) 100vw, 436px\" src=\"data:image\/svg+xml;base64,PHN2ZyB3aWR0aD0iMSIgaGVpZ2h0PSIxIiB4bWxucz0iaHR0cDovL3d3dy53My5vcmcvMjAwMC9zdmciPjwvc3ZnPg==\" style=\"--smush-placeholder-width: 436px; --smush-placeholder-aspect-ratio: 436\/616;\" \/>\t\t\t\t\t\t\t\t\t\t\t\t\t\t\t<\/div>\n\t\t\t\t<\/div>\n\t\t\t\t<div class=\"elementor-element elementor-element-8b48366 elementor-widget elementor-widget-heading\" data-id=\"8b48366\" data-element_type=\"widget\" data-e-type=\"widget\" data-widget_type=\"heading.default\">\n\t\t\t\t<div class=\"elementor-widget-container\">\n\t\t\t\t\t<h2 class=\"elementor-heading-title elementor-size-default\">VOYAGEURS\n<\/h2>\t\t\t\t<\/div>\n\t\t\t\t<\/div>\n\t\t\t\t<div class=\"elementor-element elementor-element-5c48e4a elementor-widget elementor-widget-text-editor\" data-id=\"5c48e4a\" data-element_type=\"widget\" data-e-type=\"widget\" data-widget_type=\"text-editor.default\">\n\t\t\t\t<div class=\"elementor-widget-container\">\n\t\t\t\t\t\t\t\t\t<p><span style=\"font-weight: 400;\">Nous cr\u00e9ons des exp\u00e9riences sur mesure, en s\u00e9lectionnant soigneusement l&#8217;h\u00e9bergement, l&#8217;h\u00f4te et les exp\u00e9riences pour concevoir votre voyage de mani\u00e8re unique.<\/span><\/p>\t\t\t\t\t\t\t\t<\/div>\n\t\t\t\t<\/div>\n\t\t\t\t\t<\/div>\n\t\t<\/div>\n\t\t\t\t<div class=\"elementor-column elementor-col-50 elementor-top-column elementor-element elementor-element-d649e5b\" data-id=\"d649e5b\" data-element_type=\"column\" data-e-type=\"column\">\n\t\t\t<div class=\"elementor-widget-wrap elementor-element-populated\">\n\t\t\t\t\t\t<div class=\"elementor-element elementor-element-ba7e52f elementor-widget elementor-widget-image\" data-id=\"ba7e52f\" data-element_type=\"widget\" data-e-type=\"widget\" data-widget_type=\"image.default\">\n\t\t\t\t<div class=\"elementor-widget-container\">\n\t\t\t\t\t\t\t\t\t\t\t\t\t\t\t<img decoding=\"async\" width=\"344\" height=\"514\" data-src=\"https:\/\/sacredd.co\/fr\/wp-content\/uploads\/2024\/08\/Captura-de-Pantalla-2024-07-29-a-las-3.32.06-p.m.png\" class=\"attachment-large size-large wp-image-6806 lazyload\" alt=\"\" data-srcset=\"https:\/\/sacredd.co\/fr\/wp-content\/uploads\/2024\/08\/Captura-de-Pantalla-2024-07-29-a-las-3.32.06-p.m.png 344w, https:\/\/sacredd.co\/fr\/wp-content\/uploads\/2024\/08\/Captura-de-Pantalla-2024-07-29-a-las-3.32.06-p.m-201x300.png 201w\" data-sizes=\"(max-width: 344px) 100vw, 344px\" src=\"data:image\/svg+xml;base64,PHN2ZyB3aWR0aD0iMSIgaGVpZ2h0PSIxIiB4bWxucz0iaHR0cDovL3d3dy53My5vcmcvMjAwMC9zdmciPjwvc3ZnPg==\" style=\"--smush-placeholder-width: 344px; --smush-placeholder-aspect-ratio: 344\/514;\" \/>\t\t\t\t\t\t\t\t\t\t\t\t\t\t\t<\/div>\n\t\t\t\t<\/div>\n\t\t\t\t<div class=\"elementor-element elementor-element-2694bc1 elementor-widget elementor-widget-heading\" data-id=\"2694bc1\" data-element_type=\"widget\" data-e-type=\"widget\" data-widget_type=\"heading.default\">\n\t\t\t\t<div class=\"elementor-widget-container\">\n\t\t\t\t\t<h2 class=\"elementor-heading-title elementor-size-default\">\u00c9QUIPE<\/h2>\t\t\t\t<\/div>\n\t\t\t\t<\/div>\n\t\t\t\t<div class=\"elementor-element elementor-element-9b52488 elementor-widget elementor-widget-text-editor\" data-id=\"9b52488\" data-element_type=\"widget\" data-e-type=\"widget\" data-widget_type=\"text-editor.default\">\n\t\t\t\t<div class=\"elementor-widget-container\">\n\t\t\t\t\t\t\t\t\t<p><span style=\"font-weight: 400;\">Nous sommes une \u00e9quipe humaine exceptionnelle qui vous guidera \u00e0 travers la Colombie \u00e0 la hauteur de vos attentes. Nos guides et experts vous offriront une attention aimable, pr\u00e9cise et opportune.<\/span><\/p>\t\t\t\t\t\t\t\t<\/div>\n\t\t\t\t<\/div>\n\t\t\t\t\t<\/div>\n\t\t<\/div>\n\t\t\t\t\t<\/div>\n\t\t<\/section>\n\t\t\t\t<section class=\"elementor-section elementor-top-section elementor-element elementor-element-9c39683 elementor-section-boxed elementor-section-height-default elementor-section-height-default\" data-id=\"9c39683\" data-element_type=\"section\" data-e-type=\"section\" data-settings=\"{&quot;background_background&quot;:&quot;classic&quot;}\">\n\t\t\t\t\t\t<div class=\"elementor-container elementor-column-gap-default\">\n\t\t\t\t\t<div class=\"elementor-column elementor-col-50 elementor-top-column elementor-element elementor-element-fa3052e\" data-id=\"fa3052e\" data-element_type=\"column\" data-e-type=\"column\">\n\t\t\t<div class=\"elementor-widget-wrap elementor-element-populated\">\n\t\t\t\t\t\t<div class=\"elementor-element elementor-element-459dd7f elementor-widget elementor-widget-image\" data-id=\"459dd7f\" data-element_type=\"widget\" data-e-type=\"widget\" data-widget_type=\"image.default\">\n\t\t\t\t<div class=\"elementor-widget-container\">\n\t\t\t\t\t\t\t\t\t\t\t\t\t\t\t<img decoding=\"async\" width=\"640\" height=\"852\" data-src=\"https:\/\/sacredd.co\/fr\/wp-content\/uploads\/2024\/07\/ATTA-KAISHI-PIC-4.jpg\" class=\"attachment-large size-large wp-image-6738 lazyload\" alt=\"\" data-srcset=\"https:\/\/sacredd.co\/fr\/wp-content\/uploads\/2024\/07\/ATTA-KAISHI-PIC-4.jpg 640w, https:\/\/sacredd.co\/fr\/wp-content\/uploads\/2024\/07\/ATTA-KAISHI-PIC-4-225x300.jpg 225w, https:\/\/sacredd.co\/fr\/wp-content\/uploads\/2024\/07\/ATTA-KAISHI-PIC-4-488x650.jpg 488w\" data-sizes=\"(max-width: 640px) 100vw, 640px\" src=\"data:image\/svg+xml;base64,PHN2ZyB3aWR0aD0iMSIgaGVpZ2h0PSIxIiB4bWxucz0iaHR0cDovL3d3dy53My5vcmcvMjAwMC9zdmciPjwvc3ZnPg==\" style=\"--smush-placeholder-width: 640px; --smush-placeholder-aspect-ratio: 640\/852;\" \/>\t\t\t\t\t\t\t\t\t\t\t\t\t\t\t<\/div>\n\t\t\t\t<\/div>\n\t\t\t\t<div class=\"elementor-element elementor-element-db2d614 elementor-widget elementor-widget-heading\" data-id=\"db2d614\" data-element_type=\"widget\" data-e-type=\"widget\" data-widget_type=\"heading.default\">\n\t\t\t\t<div class=\"elementor-widget-container\">\n\t\t\t\t\t<h2 class=\"elementor-heading-title elementor-size-default\">ANCESTRALIT\u00c9\n<\/h2>\t\t\t\t<\/div>\n\t\t\t\t<\/div>\n\t\t\t\t<div class=\"elementor-element elementor-element-b419183 elementor-widget elementor-widget-text-editor\" data-id=\"b419183\" data-element_type=\"widget\" data-e-type=\"widget\" data-widget_type=\"text-editor.default\">\n\t\t\t\t<div class=\"elementor-widget-container\">\n\t\t\t\t\t\t\t\t\t<p><span style=\"font-weight: 400;\">Nous connectons les voyageurs avec l&#8217;essence de la Colombie : ses communaut\u00e9s, cultures et paysages remplis de traditions et de l\u00e9gendes qui contribuent \u00e0 une vie meilleure.<\/span><\/p>\t\t\t\t\t\t\t\t<\/div>\n\t\t\t\t<\/div>\n\t\t\t\t\t<\/div>\n\t\t<\/div>\n\t\t\t\t<div class=\"elementor-column elementor-col-50 elementor-top-column elementor-element elementor-element-f59c657\" data-id=\"f59c657\" data-element_type=\"column\" data-e-type=\"column\">\n\t\t\t<div class=\"elementor-widget-wrap elementor-element-populated\">\n\t\t\t\t\t\t<div class=\"elementor-element elementor-element-311670f elementor-widget elementor-widget-image\" data-id=\"311670f\" data-element_type=\"widget\" data-e-type=\"widget\" data-widget_type=\"image.default\">\n\t\t\t\t<div class=\"elementor-widget-container\">\n\t\t\t\t\t\t\t\t\t\t\t\t\t\t\t<img decoding=\"async\" width=\"485\" height=\"557\" data-src=\"https:\/\/sacredd.co\/fr\/wp-content\/uploads\/2024\/07\/FOTO-BIENESTAR.jpg\" class=\"attachment-large size-large wp-image-6740 lazyload\" alt=\"\" data-srcset=\"https:\/\/sacredd.co\/fr\/wp-content\/uploads\/2024\/07\/FOTO-BIENESTAR.jpg 485w, https:\/\/sacredd.co\/fr\/wp-content\/uploads\/2024\/07\/FOTO-BIENESTAR-261x300.jpg 261w\" data-sizes=\"(max-width: 485px) 100vw, 485px\" src=\"data:image\/svg+xml;base64,PHN2ZyB3aWR0aD0iMSIgaGVpZ2h0PSIxIiB4bWxucz0iaHR0cDovL3d3dy53My5vcmcvMjAwMC9zdmciPjwvc3ZnPg==\" style=\"--smush-placeholder-width: 485px; --smush-placeholder-aspect-ratio: 485\/557;\" \/>\t\t\t\t\t\t\t\t\t\t\t\t\t\t\t<\/div>\n\t\t\t\t<\/div>\n\t\t\t\t<div class=\"elementor-element elementor-element-b9ea49a elementor-widget elementor-widget-heading\" data-id=\"b9ea49a\" data-element_type=\"widget\" data-e-type=\"widget\" data-widget_type=\"heading.default\">\n\t\t\t\t<div class=\"elementor-widget-container\">\n\t\t\t\t\t<h2 class=\"elementor-heading-title elementor-size-default\">BIEN-\u00caTRE<\/h2>\t\t\t\t<\/div>\n\t\t\t\t<\/div>\n\t\t\t\t<div class=\"elementor-element elementor-element-247d573 elementor-widget elementor-widget-text-editor\" data-id=\"247d573\" data-element_type=\"widget\" data-e-type=\"widget\" data-widget_type=\"text-editor.default\">\n\t\t\t\t<div class=\"elementor-widget-container\">\n\t\t\t\t\t\t\t\t\t<p><span style=\"font-weight: 400;\">Connectez-vous \u00e0 votre int\u00e9rieur en \u00e9quilibrant votre esprit, votre corps et votre \u00e2me en pleine conscience.<\/span><\/p>\t\t\t\t\t\t\t\t<\/div>\n\t\t\t\t<\/div>\n\t\t\t\t\t<\/div>\n\t\t<\/div>\n\t\t\t\t\t<\/div>\n\t\t<\/section>\n\t\t\t\t<section class=\"elementor-section elementor-top-section elementor-element elementor-element-84d9ab6 elementor-section-boxed elementor-section-height-default elementor-section-height-default\" data-id=\"84d9ab6\" data-element_type=\"section\" data-e-type=\"section\" data-settings=\"{&quot;background_background&quot;:&quot;classic&quot;}\">\n\t\t\t\t\t\t<div class=\"elementor-container elementor-column-gap-default\">\n\t\t\t\t\t<div class=\"elementor-column elementor-col-100 elementor-top-column elementor-element elementor-element-096ec6b\" data-id=\"096ec6b\" data-element_type=\"column\" data-e-type=\"column\">\n\t\t\t<div class=\"elementor-widget-wrap elementor-element-populated\">\n\t\t\t\t\t\t<div class=\"elementor-element elementor-element-22668da elementor-widget elementor-widget-heading\" data-id=\"22668da\" data-element_type=\"widget\" data-e-type=\"widget\" data-widget_type=\"heading.default\">\n\t\t\t\t<div class=\"elementor-widget-container\">\n\t\t\t\t\t<h2 class=\"elementor-heading-title elementor-size-default\">Nous cr\u00e9ons des exp\u00e9riences uniques adapt\u00e9es \u00e0 vous<\/h2>\t\t\t\t<\/div>\n\t\t\t\t<\/div>\n\t\t\t\t<div class=\"elementor-element elementor-element-5257b33 elementor-widget elementor-widget-heading\" data-id=\"5257b33\" data-element_type=\"widget\" data-e-type=\"widget\" data-widget_type=\"heading.default\">\n\t\t\t\t<div class=\"elementor-widget-container\">\n\t\t\t\t\t<h2 class=\"elementor-heading-title elementor-size-default\">\u00cates-vous pr\u00eat \u00e0\nplanifier votre voyage ?<\/h2>\t\t\t\t<\/div>\n\t\t\t\t<\/div>\n\t\t\t\t<div class=\"elementor-element elementor-element-b66fedd elementor-align-center elementor-widget elementor-widget-button\" data-id=\"b66fedd\" data-element_type=\"widget\" data-e-type=\"widget\" data-widget_type=\"button.default\">\n\t\t\t\t<div class=\"elementor-widget-container\">\n\t\t\t\t\t\t\t\t\t<div class=\"elementor-button-wrapper\">\n\t\t\t\t\t<a class=\"elementor-button elementor-button-link elementor-size-sm\" href=\"http:\/\/sacredd.co\/fr\/contact\/\">\n\t\t\t\t\t\t<span class=\"elementor-button-content-wrapper\">\n\t\t\t\t\t\t\t\t\t<span class=\"elementor-button-text\">CONTACTEZ-NOUS!<\/span>\n\t\t\t\t\t<\/span>\n\t\t\t\t\t<\/a>\n\t\t\t\t<\/div>\n\t\t\t\t\t\t\t\t<\/div>\n\t\t\t\t<\/div>\n\t\t\t\t\t<\/div>\n\t\t<\/div>\n\t\t\t\t\t<\/div>\n\t\t<\/section>\n\t\t\t\t<section class=\"elementor-section elementor-top-section elementor-element elementor-element-c4dca92 elementor-section-boxed elementor-section-height-default elementor-section-height-default\" data-id=\"c4dca92\" data-element_type=\"section\" data-e-type=\"section\" data-settings=\"{&quot;background_background&quot;:&quot;classic&quot;}\">\n\t\t\t\t\t\t<div class=\"elementor-container elementor-column-gap-default\">\n\t\t\t\t\t<div class=\"elementor-column elementor-col-50 elementor-top-column elementor-element elementor-element-8f3494e\" data-id=\"8f3494e\" data-element_type=\"column\" data-e-type=\"column\">\n\t\t\t<div class=\"elementor-widget-wrap elementor-element-populated\">\n\t\t\t\t\t\t<div class=\"elementor-element elementor-element-e5be009 elementor-widget elementor-widget-text-editor\" data-id=\"e5be009\" data-element_type=\"widget\" data-e-type=\"widget\" data-widget_type=\"text-editor.default\">\n\t\t\t\t<div class=\"elementor-widget-container\">\n\t\t\t\t\t\t\t\t\t<p>COPYRIGHT 2024 | <span style=\"color: #805946;\"><a style=\"color: #805946;\" href=\"mailto:info@sacredd.co\">info@sacredd.co<\/a> &#8211; <a style=\"color: #805946;\" href=\"http:\/\/sacredd.co\/fr\/wp-content\/uploads\/2024\/08\/Termes-et-conditions.docx.pdf\" target=\"_blank\" rel=\"noopener\">Termes et conditions<\/a><\/span><\/p>\t\t\t\t\t\t\t\t<\/div>\n\t\t\t\t<\/div>\n\t\t\t\t\t<\/div>\n\t\t<\/div>\n\t\t\t\t<div class=\"elementor-column elementor-col-50 elementor-top-column elementor-element elementor-element-af507a2\" data-id=\"af507a2\" data-element_type=\"column\" data-e-type=\"column\">\n\t\t\t<div class=\"elementor-widget-wrap elementor-element-populated\">\n\t\t\t\t\t\t<div class=\"elementor-element elementor-element-352932c elementor-widget elementor-widget-image\" data-id=\"352932c\" data-element_type=\"widget\" data-e-type=\"widget\" data-widget_type=\"image.default\">\n\t\t\t\t<div class=\"elementor-widget-container\">\n\t\t\t\t\t\t\t\t\t\t\t\t\t\t\t<img decoding=\"async\" width=\"297\" height=\"74\" data-src=\"https:\/\/sacredd.co\/fr\/wp-content\/uploads\/2024\/07\/LOGO-1.png\" class=\"attachment-large size-large wp-image-5932 lazyload\" alt=\"\" src=\"data:image\/svg+xml;base64,PHN2ZyB3aWR0aD0iMSIgaGVpZ2h0PSIxIiB4bWxucz0iaHR0cDovL3d3dy53My5vcmcvMjAwMC9zdmciPjwvc3ZnPg==\" style=\"--smush-placeholder-width: 297px; --smush-placeholder-aspect-ratio: 297\/74;\" \/>\t\t\t\t\t\t\t\t\t\t\t\t\t\t\t<\/div>\n\t\t\t\t<\/div>\n\t\t\t\t\t<\/div>\n\t\t<\/div>\n\t\t\t\t\t<\/div>\n\t\t<\/section>\n\t\t\t\t<\/div>\n\t\t","protected":false},"excerpt":{"rendered":"<p>WELLNESS Nous sommes une agence d\u00e9di\u00e9e \u00e0 promouvoir la Colombie comme destination de bien-\u00eatre, nature, gastronomie, culture, communaut\u00e9s et aventure. Notre objectif est d&#8217;impliquer dans chaque voyage et chaque exp\u00e9rience la r\u00e9flexion, l&#8217;introspection et leur relation \u00e9troite avec la nature pour le bien-\u00eatre personnel, pour vivre le bien-\u00eatre. Nous travaillons sur chaque d\u00e9tail et offrons [&hellip;]<\/p>\n","protected":false},"author":1,"featured_media":0,"parent":0,"menu_order":0,"comment_status":"closed","ping_status":"closed","template":"","meta":{"om_disable_all_campaigns":false,"_monsterinsights_skip_tracking":false,"_monsterinsights_sitenote_active":false,"_monsterinsights_sitenote_note":"","_monsterinsights_sitenote_category":0,"_uf_show_specific_survey":0,"_uf_disable_surveys":false,"footnotes":""},"class_list":["post-4112","page","type-page","status-publish","hentry"],"aioseo_notices":[],"_links":{"self":[{"href":"https:\/\/sacredd.co\/fr\/wp-json\/wp\/v2\/pages\/4112","targetHints":{"allow":["GET"]}}],"collection":[{"href":"https:\/\/sacredd.co\/fr\/wp-json\/wp\/v2\/pages"}],"about":[{"href":"https:\/\/sacredd.co\/fr\/wp-json\/wp\/v2\/types\/page"}],"author":[{"embeddable":true,"href":"https:\/\/sacredd.co\/fr\/wp-json\/wp\/v2\/users\/1"}],"replies":[{"embeddable":true,"href":"https:\/\/sacredd.co\/fr\/wp-json\/wp\/v2\/comments?post=4112"}],"version-history":[{"count":817,"href":"https:\/\/sacredd.co\/fr\/wp-json\/wp\/v2\/pages\/4112\/revisions"}],"predecessor-version":[{"id":6957,"href":"https:\/\/sacredd.co\/fr\/wp-json\/wp\/v2\/pages\/4112\/revisions\/6957"}],"wp:attachment":[{"href":"https:\/\/sacredd.co\/fr\/wp-json\/wp\/v2\/media?parent=4112"}],"curies":[{"name":"wp","href":"https:\/\/api.w.org\/{rel}","templated":true}]}}